{"id":3859,"date":"2015-02-24T17:23:01","date_gmt":"2015-02-24T16:23:01","guid":{"rendered":"http:\/\/localhost:8888\/parque\/?page_id=3859"},"modified":"2024-04-25T10:02:40","modified_gmt":"2024-04-25T08:02:40","slug":"privacy-policy","status":"publish","type":"page","link":"https:\/\/www.aquavelis.es\/en\/privacy-policy\/","title":{"rendered":"Privacy Policy"},"content":{"rendered":"<h2 class=\"titulo2\">Pol\u00edtica de privacidad<\/h2>\n<p>RESPONSABLE<\/p>\n<p>Identidad: Parque Acu\u00e1tico Torre del Mar, S.L<\/p>\n<p>CIF:\u00a0B82027459<\/p>\n<p>Dir. Postal: Calle Ruta del Pomelo s\/n, Urbanizaci\u00f3n El Tomillar. 29740-Torre del Mar (M\u00e1laga)<\/p>\n<p>Tel\u00e9fono:\u00a0952 54 27 58<\/p>\n<p>E-Mail: info@aquavelis.com<\/p>\n<p>&nbsp;<\/p>\n<p>FINALIDADES<\/p>\n<p>Descripci\u00f3n ampliada de la finalidad\/es del tratamiento: Trataremos sus datos para la Gesti\u00f3n administrativa, contable y fiscal.<\/p>\n<p>&nbsp;<\/p>\n<p>CONSERVACI\u00d3N<\/p>\n<p>Plazos o criterios de conservaci\u00f3n de los datos:<\/p>\n<p>Los datos personales proporcionados se conservar\u00e1n mientras se mantenga la relaci\u00f3n con la entidad y no se solicite su supresi\u00f3n por el interesado, ser\u00e1n conservados conforme a los plazos legales establecidos en materia fiscal y contable, tomando como referencia la \u00faltima comunicaci\u00f3n. No por tiempo superior a un a\u00f1o en supuestos de consulta informaci\u00f3n comercial.<\/p>\n<p>&nbsp;<\/p>\n<p>DECISIONES<\/p>\n<p>Decisiones automatizadas, perfiles y l\u00f3gica aplicada:<\/p>\n<p>La empresa NO tomar\u00e1 decisiones automatizadas, perfiles \u00f3 l\u00f3gica aplicada a sus datos.<\/p>\n<p>&nbsp;<\/p>\n<p>LEGITIMACI\u00d3N<\/p>\n<p>Legitimaci\u00f3n por ejecuci\u00f3n de un contrato\/precontractual:<\/p>\n<p>Debido a que el tratamiento es necesario para la ejecuci\u00f3n de un contrato mercantil, en el que usted es parte se hace constar que el tipo de contrato de que se trata, es el citado contrato mercantil o la relaci\u00f3n precontractual previa a la contrataci\u00f3n para enviarle la informaci\u00f3n solicitada.<\/p>\n<p>Como la comunicaci\u00f3n de datos personales es un requisito legal o contractual y un requisito necesario para suscribir el citado contrato, se informa a el interesado que est\u00e1 obligado a facilitar los datos personales, y as\u00ed mismo de las consecuencias de no hacerlo pueden suponer la no prestaci\u00f3n del servicio solicitado.<\/p>\n<p>&nbsp;<\/p>\n<p>&nbsp;<\/p>\n<p>DESTINATARIOS<\/p>\n<p>1,- Durante el periodo de duraci\u00f3n del tratamiento, EL RESPONSABLE. no realizar\u00e1 ninguna cesi\u00f3n, salvo obligaci\u00f3n legal, ni tampoco transferencia alguna.<\/p>\n<p>2,- Opcionalmente se realizar\u00e1n transferencias temporales a Empresas de Servicios inform\u00e1ticos: Encargados de Tratamiento fuera de la UE, acogido a Privacy Shield. La Entidad contrata su infraestructura virtual seg\u00fan un modelo de computaci\u00f3n en la nube a trav\u00e9s de un proveedor y al amparo del acuerdo EU-US Privacy Shield. &#8211; Informaci\u00f3n disponible en: https:\/\/www.privacyshield.gov<\/p>\n<p>&nbsp;<\/p>\n<p>DERECHOS<\/p>\n<p>El interesado puede ejercer los siguientes derechos:<\/p>\n<p>Derecho a solicitar el acceso a sus datos personales.<\/p>\n<p>Derecho a solicitar su rectificaci\u00f3n o supresi\u00f3n.<\/p>\n<p>Derecho a solicitar la limitaci\u00f3n de su tratamiento.<\/p>\n<p>Derecho a oponerse al tratamiento.<\/p>\n<p>Derecho a la portabilidad de los datos.<\/p>\n<p>Derecho a retirar el consentimiento prestado.<\/p>\n<p>&nbsp;<\/p>\n<p>Cualquier persona tiene derecho a obtener confirmaci\u00f3n sobre si en la Entidad estamos tratando datos personales que les conciernan, o no. Las personas interesadas tienen derecho a acceder a sus datos personales, as\u00ed como a solicitar la rectificaci\u00f3n de los datos inexactos o, en su caso, solicitar su supresi\u00f3n cuando, entre otros motivos, los datos ya no sean necesarios para los fines que fueron recogidos.<\/p>\n<p>&nbsp;<\/p>\n<p>En determinadas circunstancias, los interesados podr\u00e1n solicitar la limitaci\u00f3n del tratamiento de sus datos, en cuyo caso \u00fanicamente los conservaremos para el ejercicio o la defensa de reclamaciones. En determinadas circunstancias y por motivos relacionados con su situaci\u00f3n particular, los interesados podr\u00e1n oponerse al tratamiento de sus datos. En este caso, la entidad dejar\u00e1 de tratar los datos, salvo por motivos leg\u00edtimos imperiosos, o el ejercicio o la defensa de posibles reclamaciones.<\/p>\n<p>Si ha otorgado su consentimiento para alguna finalidad concreta, tiene derecho a retirar el consentimiento otorgado en cualquier momento, sin que ello afecte a la licitud del tratamiento basado en el consentimiento previo a su retirada.<\/p>\n<p>&nbsp;<\/p>\n<p>Para ello podr\u00e1 emplear los formularios habilitados por la empresa, o bien dirigir un escrito al RESPONSABLE en direcci\u00f3n Calle Ruta del Pomelo s\/n, Urbanizaci\u00f3n El Tomillar. 29740-Torre del Mar (M\u00e1laga) y puede enviar un email a: info@aquavelis.com<\/p>\n<p>&nbsp;<\/p>\n<p>En caso de que sienta vulnerados sus derechos en lo concerniente a la protecci\u00f3n de sus datos personales, especialmente cuando no haya obtenido satisfacci\u00f3n en el ejercicio de sus derechos, puede presentar una reclamaci\u00f3n ante la Autoridad de Control en materia de Protecci\u00f3n de Datos competente a trav\u00e9s de su sitio web: www.agpd.es<\/p>\n<p>&nbsp;<\/p>\n<p>En cumplimiento de lo prevenido en el art\u00edculo 21 de la Ley 34\/2002 de servicios de la sociedad de la informaci\u00f3n y comercio electr\u00f3nico, si usted no desea recibir m\u00e1s informaci\u00f3n sobre nuestros servicios, puede darse de baja en la siguiente direcci\u00f3n de correo electr\u00f3nico de la entidad, indicando en el asunto &#8220;No enviar correos&#8221;.<\/p>\n<p>&nbsp;<\/p>\n<p>PROCEDENCIA DE LOS DATOS<\/p>\n<p>&nbsp;<\/p>\n<p>Los datos personales que tratamos proceden directamente de usted:<\/p>\n<p>Las categor\u00edas de datos que se tratan son:<\/p>\n<p>&nbsp;<\/p>\n<p>Datos de identificaci\u00f3n<\/p>\n<p>C\u00f3digos o claves de identificaci\u00f3n<\/p>\n<p>Direcciones postales o electr\u00f3nicas<\/p>\n<p>Informaci\u00f3n comercial<\/p>\n<p>Datos econ\u00f3micos.<\/p>\n<p>No se tratan datos especialmente protegidos.<\/p>\n","protected":false},"excerpt":{"rendered":"<p>Pol\u00edtica de privacidad RESPONSABLE Identidad: Parque Acu\u00e1tico Torre del Mar, S.L CIF:\u00a0B82027459 Dir. Postal: Calle Ruta del Pomelo s\/n, Urbanizaci\u00f3n El Tomillar. 29740-Torre del Mar (M\u00e1laga) Tel\u00e9fono:\u00a0952 54 27 58 E-Mail: info@aquavelis.com &nbsp; FINALIDADES Descripci\u00f3n ampliada de la finalidad\/es del tratamiento: Trataremos sus datos para la Gesti\u00f3n administrativa, contable y fiscal. &nbsp; CONSERVACI\u00d3N Plazos o [&hellip;]<\/p>\n","protected":false},"author":2,"featured_media":0,"parent":0,"menu_order":0,"comment_status":"closed","ping_status":"closed","template":"","meta":{"footnotes":""},"yoast_head":"<!-- This site is optimized with the Yoast SEO plugin v22.8 - https:\/\/yoast.com\/wordpress\/plugins\/seo\/ -->\n<title>Privacy Policy - Aquavelis Parque Acuatico en Torre del Mar, Malaga<\/title>\n<meta name=\"robots\" content=\"index, follow, max-snippet:-1, max-image-preview:large, max-video-preview:-1\" \/>\n<link rel=\"canonical\" href=\"https:\/\/www.aquavelis.es\/en\/privacy-policy\/\" \/>\n<meta property=\"og:locale\" content=\"en_US\" \/>\n<meta property=\"og:type\" content=\"article\" \/>\n<meta property=\"og:title\" content=\"Privacy Policy - Aquavelis Parque Acuatico en Torre del Mar, Malaga\" \/>\n<meta property=\"og:description\" content=\"Pol\u00edtica de privacidad RESPONSABLE Identidad: Parque Acu\u00e1tico Torre del Mar, S.L CIF:\u00a0B82027459 Dir. Postal: Calle Ruta del Pomelo s\/n, Urbanizaci\u00f3n El Tomillar. 29740-Torre del Mar (M\u00e1laga) Tel\u00e9fono:\u00a0952 54 27 58 E-Mail: info@aquavelis.com &nbsp; FINALIDADES Descripci\u00f3n ampliada de la finalidad\/es del tratamiento: Trataremos sus datos para la Gesti\u00f3n administrativa, contable y fiscal. &nbsp; CONSERVACI\u00d3N Plazos o [&hellip;]\" \/>\n<meta property=\"og:url\" content=\"https:\/\/www.aquavelis.es\/en\/privacy-policy\/\" \/>\n<meta property=\"og:site_name\" content=\"Aquavelis Parque Acuatico en Torre del Mar, Malaga\" \/>\n<meta property=\"article:publisher\" content=\"https:\/\/www.facebook.com\/aquavelis\" \/>\n<meta property=\"article:modified_time\" content=\"2024-04-25T08:02:40+00:00\" \/>\n<meta name=\"twitter:label1\" content=\"Est. reading time\" \/>\n\t<meta name=\"twitter:data1\" content=\"4 minutes\" \/>\n<script type=\"application\/ld+json\" class=\"yoast-schema-graph\">{\"@context\":\"https:\/\/schema.org\",\"@graph\":[{\"@type\":\"WebPage\",\"@id\":\"https:\/\/www.aquavelis.es\/en\/privacy-policy\/\",\"url\":\"https:\/\/www.aquavelis.es\/en\/privacy-policy\/\",\"name\":\"Privacy Policy - Aquavelis Parque Acuatico en Torre del Mar, Malaga\",\"isPartOf\":{\"@id\":\"https:\/\/www.aquavelis.es\/#website\"},\"datePublished\":\"2015-02-24T16:23:01+00:00\",\"dateModified\":\"2024-04-25T08:02:40+00:00\",\"breadcrumb\":{\"@id\":\"https:\/\/www.aquavelis.es\/en\/privacy-policy\/#breadcrumb\"},\"inLanguage\":\"en-US\",\"potentialAction\":[{\"@type\":\"ReadAction\",\"target\":[\"https:\/\/www.aquavelis.es\/en\/privacy-policy\/\"]}]},{\"@type\":\"BreadcrumbList\",\"@id\":\"https:\/\/www.aquavelis.es\/en\/privacy-policy\/#breadcrumb\",\"itemListElement\":[{\"@type\":\"ListItem\",\"position\":1,\"name\":\"Portada\",\"item\":\"https:\/\/www.aquavelis.es\/en\/inicio25\/\"},{\"@type\":\"ListItem\",\"position\":2,\"name\":\"Privacy Policy\"}]},{\"@type\":\"WebSite\",\"@id\":\"https:\/\/www.aquavelis.es\/#website\",\"url\":\"https:\/\/www.aquavelis.es\/\",\"name\":\"Aquavelis Parque Acuatico en Torre del Mar, Malaga\",\"description\":\"Tu Parque Acu\u00e1tico en Torre del Mar\",\"publisher\":{\"@id\":\"https:\/\/www.aquavelis.es\/#organization\"},\"potentialAction\":[{\"@type\":\"SearchAction\",\"target\":{\"@type\":\"EntryPoint\",\"urlTemplate\":\"https:\/\/www.aquavelis.es\/?s={search_term_string}\"},\"query-input\":\"required name=search_term_string\"}],\"inLanguage\":\"en-US\"},{\"@type\":\"Organization\",\"@id\":\"https:\/\/www.aquavelis.es\/#organization\",\"name\":\"Aquavelis Parque Acuatico en Torre del Mar, Malaga\",\"url\":\"https:\/\/www.aquavelis.es\/\",\"logo\":{\"@type\":\"ImageObject\",\"inLanguage\":\"en-US\",\"@id\":\"https:\/\/www.aquavelis.es\/#\/schema\/logo\/image\/\",\"url\":\"https:\/\/www.aquavelis.es\/wp-content\/uploads\/icono_aquavelis.png\",\"contentUrl\":\"https:\/\/www.aquavelis.es\/wp-content\/uploads\/icono_aquavelis.png\",\"width\":64,\"height\":64,\"caption\":\"Aquavelis Parque Acuatico en Torre del Mar, Malaga\"},\"image\":{\"@id\":\"https:\/\/www.aquavelis.es\/#\/schema\/logo\/image\/\"},\"sameAs\":[\"https:\/\/www.facebook.com\/aquavelis\",\"https:\/\/x.com\/aquavelis\",\"https:\/\/www.instagram.com\/aquavelistorredelmar\",\"https:\/\/www.tiktok.com\/@aquavelistorredelmar\"]}]}<\/script>\n<!-- \/ Yoast SEO plugin. -->","yoast_head_json":{"title":"Privacy Policy - Aquavelis Parque Acuatico en Torre del Mar, Malaga","robots":{"index":"index","follow":"follow","max-snippet":"max-snippet:-1","max-image-preview":"max-image-preview:large","max-video-preview":"max-video-preview:-1"},"canonical":"https:\/\/www.aquavelis.es\/en\/privacy-policy\/","og_locale":"en_US","og_type":"article","og_title":"Privacy Policy - Aquavelis Parque Acuatico en Torre del Mar, Malaga","og_description":"Pol\u00edtica de privacidad RESPONSABLE Identidad: Parque Acu\u00e1tico Torre del Mar, S.L CIF:\u00a0B82027459 Dir. Postal: Calle Ruta del Pomelo s\/n, Urbanizaci\u00f3n El Tomillar. 29740-Torre del Mar (M\u00e1laga) Tel\u00e9fono:\u00a0952 54 27 58 E-Mail: info@aquavelis.com &nbsp; FINALIDADES Descripci\u00f3n ampliada de la finalidad\/es del tratamiento: Trataremos sus datos para la Gesti\u00f3n administrativa, contable y fiscal. &nbsp; CONSERVACI\u00d3N Plazos o [&hellip;]","og_url":"https:\/\/www.aquavelis.es\/en\/privacy-policy\/","og_site_name":"Aquavelis Parque Acuatico en Torre del Mar, Malaga","article_publisher":"https:\/\/www.facebook.com\/aquavelis","article_modified_time":"2024-04-25T08:02:40+00:00","twitter_misc":{"Est. reading time":"4 minutes"},"schema":{"@context":"https:\/\/schema.org","@graph":[{"@type":"WebPage","@id":"https:\/\/www.aquavelis.es\/en\/privacy-policy\/","url":"https:\/\/www.aquavelis.es\/en\/privacy-policy\/","name":"Privacy Policy - Aquavelis Parque Acuatico en Torre del Mar, Malaga","isPartOf":{"@id":"https:\/\/www.aquavelis.es\/#website"},"datePublished":"2015-02-24T16:23:01+00:00","dateModified":"2024-04-25T08:02:40+00:00","breadcrumb":{"@id":"https:\/\/www.aquavelis.es\/en\/privacy-policy\/#breadcrumb"},"inLanguage":"en-US","potentialAction":[{"@type":"ReadAction","target":["https:\/\/www.aquavelis.es\/en\/privacy-policy\/"]}]},{"@type":"BreadcrumbList","@id":"https:\/\/www.aquavelis.es\/en\/privacy-policy\/#breadcrumb","itemListElement":[{"@type":"ListItem","position":1,"name":"Portada","item":"https:\/\/www.aquavelis.es\/en\/inicio25\/"},{"@type":"ListItem","position":2,"name":"Privacy Policy"}]},{"@type":"WebSite","@id":"https:\/\/www.aquavelis.es\/#website","url":"https:\/\/www.aquavelis.es\/","name":"Aquavelis Parque Acuatico en Torre del Mar, Malaga","description":"Tu Parque Acu\u00e1tico en Torre del Mar","publisher":{"@id":"https:\/\/www.aquavelis.es\/#organization"},"potentialAction":[{"@type":"SearchAction","target":{"@type":"EntryPoint","urlTemplate":"https:\/\/www.aquavelis.es\/?s={search_term_string}"},"query-input":"required name=search_term_string"}],"inLanguage":"en-US"},{"@type":"Organization","@id":"https:\/\/www.aquavelis.es\/#organization","name":"Aquavelis Parque Acuatico en Torre del Mar, Malaga","url":"https:\/\/www.aquavelis.es\/","logo":{"@type":"ImageObject","inLanguage":"en-US","@id":"https:\/\/www.aquavelis.es\/#\/schema\/logo\/image\/","url":"https:\/\/www.aquavelis.es\/wp-content\/uploads\/icono_aquavelis.png","contentUrl":"https:\/\/www.aquavelis.es\/wp-content\/uploads\/icono_aquavelis.png","width":64,"height":64,"caption":"Aquavelis Parque Acuatico en Torre del Mar, Malaga"},"image":{"@id":"https:\/\/www.aquavelis.es\/#\/schema\/logo\/image\/"},"sameAs":["https:\/\/www.facebook.com\/aquavelis","https:\/\/x.com\/aquavelis","https:\/\/www.instagram.com\/aquavelistorredelmar","https:\/\/www.tiktok.com\/@aquavelistorredelmar"]}]}},"_links":{"self":[{"href":"https:\/\/www.aquavelis.es\/en\/wp-json\/wp\/v2\/pages\/3859"}],"collection":[{"href":"https:\/\/www.aquavelis.es\/en\/wp-json\/wp\/v2\/pages"}],"about":[{"href":"https:\/\/www.aquavelis.es\/en\/wp-json\/wp\/v2\/types\/page"}],"author":[{"embeddable":true,"href":"https:\/\/www.aquavelis.es\/en\/wp-json\/wp\/v2\/users\/2"}],"replies":[{"embeddable":true,"href":"https:\/\/www.aquavelis.es\/en\/wp-json\/wp\/v2\/comments?post=3859"}],"version-history":[{"count":3,"href":"https:\/\/www.aquavelis.es\/en\/wp-json\/wp\/v2\/pages\/3859\/revisions"}],"predecessor-version":[{"id":11884,"href":"https:\/\/www.aquavelis.es\/en\/wp-json\/wp\/v2\/pages\/3859\/revisions\/11884"}],"wp:attachment":[{"href":"https:\/\/www.aquavelis.es\/en\/wp-json\/wp\/v2\/media?parent=3859"}],"curies":[{"name":"wp","href":"https:\/\/api.w.org\/{rel}","templated":true}]}}