{"id":3955,"date":"2015-04-10T10:57:04","date_gmt":"2015-04-10T09:57:04","guid":{"rendered":"http:\/\/localhost:8888\/parque\/?page_id=3955"},"modified":"2024-04-25T10:02:26","modified_gmt":"2024-04-25T08:02:26","slug":"legal-warning","status":"publish","type":"page","link":"https:\/\/www.aquavelis.es\/en\/legal-warning\/","title":{"rendered":"Legal Warning"},"content":{"rendered":"\n<style type=\"text\/css\" data-created_by=\"avia_inline_auto\" id=\"style-css-av-edx0z-1c60171cad592753322fe64ff156e466\">\n.avia-section.av-edx0z-1c60171cad592753322fe64ff156e466{\nbackground-color:#ffffff;\nbackground-image:unset;\n}\n<\/style>\n<div id='av_section_1'  class='avia-section av-edx0z-1c60171cad592753322fe64ff156e466 main_color avia-section-default avia-no-shadow  avia-builder-el-0  avia-builder-el-no-sibling  seccion-color avia-bg-style-scroll container_wrap sidebar_right'  ><div class='container av-section-cont-open' ><main  role=\"main\" itemprop=\"mainContentOfPage\"  class='template-page content  av-content-small alpha units'><div class='post-entry post-entry-type-page post-entry-3955'><div class='entry-content-wrapper clearfix'>\n<section  class='av_textblock_section av-2qx1hv-788769ade9982e429aa2a88092812e1b '   itemscope=\"itemscope\" itemtype=\"https:\/\/schema.org\/CreativeWork\" ><div class='avia_textblock'  itemprop=\"text\" ><h1><strong>AVISO LEGAL:\u00a0<\/strong><\/h1>\n<p>En cumplimiento con el deber de informaci\u00f3n recogido en art\u00edculo 10 de la Ley 34\/2002, de 11 de julio, de Servicios de la Sociedad de la Informaci\u00f3n y de Comercio Electr\u00f3nico, a continuaci\u00f3n, se reflejan los siguientes datos: La empresa titular de la web (en adelante, LA EMPRESA) pone a su disposici\u00f3n la siguiente informaci\u00f3n:<\/p>\n<p><strong>Identificaci\u00f3n<\/strong>:\u00a0\u00a0\u00a0\u00a0 \u00a0\u00a0\u00a0\u00a0\u00a0\u00a0\u00a0\u00a0\u00a0\u00a0\u00a0\u00a0\u00a0\u00a0\u00a0 \u00a0\u00a0\u00a0\u00a0\u00a0\u00a0\u00a0\u00a0\u00a0\u00a0\u00a0\u00a0\u00a0\u00a0\u00a0 Parque Acu\u00e1tico Torre del Mar, S.L.<\/p>\n<p><strong>NIF<\/strong>: \u00a0\u00a0\u00a0\u00a0\u00a0\u00a0\u00a0\u00a0\u00a0\u00a0\u00a0\u00a0\u00a0\u00a0\u00a0\u00a0\u00a0\u00a0\u00a0\u00a0\u00a0\u00a0\u00a0\u00a0\u00a0\u00a0\u00a0\u00a0\u00a0\u00a0\u00a0\u00a0\u00a0\u00a0\u00a0\u00a0\u00a0\u00a0 \u00a0\u00a0\u00a0\u00a0\u00a0\u00a0\u00a0\u00a0\u00a0\u00a0\u00a0\u00a0\u00a0\u00a0\u00a0 B82027459<\/p>\n<p><strong>Direcci\u00f3n:<\/strong> \u00a0\u00a0\u00a0\u00a0\u00a0\u00a0\u00a0\u00a0\u00a0\u00a0\u00a0\u00a0\u00a0\u00a0\u00a0\u00a0\u00a0\u00a0\u00a0\u00a0\u00a0\u00a0\u00a0\u00a0\u00a0\u00a0 \u00a0\u00a0\u00a0\u00a0\u00a0\u00a0\u00a0\u00a0\u00a0\u00a0\u00a0\u00a0\u00a0\u00a0\u00a0 C\/ Ruta del Pomelo, s\/n Urb. El Tomillar<\/p>\n<p><strong>\u00a0\u00a0\u00a0\u00a0\u00a0\u00a0\u00a0\u00a0\u00a0\u00a0\u00a0\u00a0\u00a0\u00a0\u00a0\u00a0\u00a0\u00a0\u00a0\u00a0\u00a0\u00a0\u00a0\u00a0\u00a0\u00a0\u00a0\u00a0\u00a0\u00a0\u00a0\u00a0\u00a0\u00a0\u00a0\u00a0\u00a0\u00a0\u00a0\u00a0\u00a0\u00a0\u00a0\u00a0\u00a0\u00a0\u00a0\u00a0\u00a0\u00a0\u00a0\u00a0\u00a0\u00a0\u00a0\u00a0\u00a0\u00a0\u00a0\u00a0\u00a0\u00a0 <\/strong>29740 Torre del Mar \u2013 M\u00e1laga (Espa\u00f1a)<\/p>\n<p><strong>Tel\u00e9fono:\u00a0\u00a0\u00a0\u00a0\u00a0\u00a0\u00a0\u00a0\u00a0\u00a0\u00a0\u00a0\u00a0 \u00a0\u00a0\u00a0\u00a0\u00a0\u00a0\u00a0\u00a0\u00a0\u00a0\u00a0\u00a0\u00a0\u00a0\u00a0 \u00a0\u00a0\u00a0\u00a0\u00a0\u00a0\u00a0\u00a0\u00a0\u00a0\u00a0\u00a0\u00a0\u00a0\u00a0 <\/strong>952 54 27 58<\/p>\n<p><strong>E-mail:\u00a0\u00a0\u00a0\u00a0\u00a0\u00a0\u00a0\u00a0\u00a0\u00a0\u00a0\u00a0\u00a0\u00a0\u00a0\u00a0\u00a0\u00a0\u00a0\u00a0\u00a0\u00a0\u00a0\u00a0\u00a0\u00a0\u00a0\u00a0\u00a0\u00a0\u00a0\u00a0\u00a0 \u00a0\u00a0\u00a0\u00a0\u00a0\u00a0\u00a0\u00a0\u00a0\u00a0\u00a0\u00a0\u00a0\u00a0\u00a0 <\/strong><a href=\"mailto:info@aquavelis.com\">info@aquavelis.com<\/a><\/p>\n<p><strong>Datos de registro mercantil: \u00a0\u00a0\u00a0\u00a0\u00a0\u00a0\u00a0\u00a0 <\/strong>Datos de registro:\u00a0Registro Mercantil de Madrid, Tomo 13159, Folio 143, Inscripci\u00f3n 1\u00aa, Hoja M-212955.<\/p>\n<p><strong>1- CONDICIONES GENERALES DE USO DE LA WEB Y SU ACEPTACI\u00d3N<\/strong><\/p>\n<p>El presente aviso (en adelante, el \u201cAviso Legal\u201d) regula el uso del servicio de acceso y utilizaci\u00f3n de la web que Parque Acu\u00e1tico Torre del Mar, S.L. (en adelante, \u201cLA EMPRESA\u201d), pone a su disposici\u00f3n.<\/p>\n<p>La utilizaci\u00f3n de la web atribuye la condici\u00f3n de usuario de la web (en adelante, el \u201cUsuario\u201d) e implica la aceptaci\u00f3n plena y sin reservas de todas y cada una de las disposiciones incluidas en este Aviso Legal en la versi\u00f3n publicada por LA EMPRESA en el momento mismo en que el Usuario acceda a la Web.<\/p>\n<p>LA EMPRESA se reserva el derecho a modificar unilateralmente, en cualquier momento y sin previo aviso, la presentaci\u00f3n y configuraci\u00f3n de los contenidos y los servicios de la Web, as\u00ed como las condiciones requeridas para su utilizaci\u00f3n cuando ello sea conveniente para su mejor prestaci\u00f3n.<\/p>\n<p>El contenido de la presente web est\u00e1 protegido por las leyes de propiedad intelectual.<br \/>\nDichos contenidos deber\u00e1n ser usados de forma correcta y licita por el usuario y, en particular queda obligado a utilizar dichos contenidos de forma diligente, correcta y l\u00edcita.<\/p>\n<p>No podr\u00e1n usarse los contenidos de forma contraria a la ley, a la moral o a las buenas costumbres aceptadas en orden p\u00fablico. Est\u00e1 prohibida la transmisi\u00f3n de cualquier tipo de datos que usted pueda realizar a esta web, o a otros pertenecientes a terceras empresas cuyos links podr\u00e1 encontrar dentro de esta web, que atente contra los derechos de propiedad de terceros, sean obscenos, pornogr\u00e1ficos, difamatorios, de car\u00e1cter amenazador o material que pueda ser considerado delito o falta en virtud del vigente C\u00f3digo Penal. Queda prohibida la reproducci\u00f3n, copia, distribuci\u00f3n, transformaci\u00f3n o modificaci\u00f3n de contenidos (textos, im\u00e1genes, voces o estructura) a menos que se cuente con la autorizaci\u00f3n expresa y por escrito del titular de los derechos adquiridos.<\/p>\n<ol start=\"2\">\n<li><strong> OBJETO<\/strong><\/li>\n<\/ol>\n<p>A trav\u00e9s de la web, LA EMPRESA facilita a los Usuarios y Socios informaci\u00f3n de diversos servicios y contenidos puestos a disposici\u00f3n por LA EMPRESA.<\/p>\n<ol start=\"3\">\n<li><strong> CONDICIONES DE ACCESO Y UTILIZACI\u00d3N DE LA WEB<\/strong><\/li>\n<\/ol>\n<p>3.1. Car\u00e1cter gratuito del acceso y utilizaci\u00f3n de la web<\/p>\n<p>La utilizaci\u00f3n de la web tiene car\u00e1cter gratuito. No obstante lo anterior, alguno de los Servicios suministrados por LA EMPRESA a trav\u00e9s de la web pueden estar sujetos al pago de un precio en la forma que se determine en las correspondientes contrataciones.<\/p>\n<p>3.2. Veracidad de la informaci\u00f3n<\/p>\n<p>Toda la informaci\u00f3n que facilite el usuario a trav\u00e9s de la web deber\u00e1 ser veraz. A estos efectos, el usuario garantiza la autenticidad de todos aquellos datos que comunique como consecuencia de la cumplimentaci\u00f3n de los formularios de solicitud de informaci\u00f3n. De igual forma, se deber\u00e1 mantener la informaci\u00f3n facilitada a LA EMPRESA actualizada. En todo caso el usuario ser\u00e1 el \u00fanico responsable de las manifestaciones falsas o inexactas que realice y de los perjuicios que cause a LA EMPRESA o a terceros por la informaci\u00f3n que facilite.<\/p>\n<p>3.3. Obligaci\u00f3n de hacer un uso correcto de la Web<\/p>\n<p>El usuario se compromete a utilizar la Web de conformidad con la ley, el presente Aviso Legal, y dem\u00e1s avisos, reglamentos de uso e instrucciones puestos en su conocimiento, as\u00ed como con la moral y las buenas costumbres generalmente aceptadas y el orden p\u00fablico.<\/p>\n<p>A tal efecto, el usuario se abstendr\u00e1 de utilizar la web con fines o efectos il\u00edcitos, prohibidos en el presente Aviso Legal, lesivos de los derechos e intereses de terceros, o que de cualquier forma puedan da\u00f1ar, inutilizar, sobrecargar, deteriorar o impedir la normal utilizaci\u00f3n de la web los equipos inform\u00e1ticos o los documentos, archivos y toda clase de contenidos almacenados en cualquier equipo inform\u00e1tico de LA EMPRESA, o de cualquier usuario de Internet (hardware y software).<\/p>\n<ol start=\"4\">\n<li><strong> BLOG <\/strong><\/li>\n<\/ol>\n<p><strong>\u00a0<\/strong><\/p>\n<p>No existe Blog<\/p>\n<p><strong>5- COPYRIGHT Y MARCAS REGISTRADAS<\/strong><\/p>\n<p>Todas las marcas, nombres comerciales o signos distintivos de cualquier clase que aparecen en la web son propiedad de LA EMPRESA o de terceros, sin que pueda entenderse que el uso o acceso a la web y\/o a los servicios del \u00e1rea del cliente atribuya al usuario derecho alguno sobre las citadas marcas, nombres comerciales y\/o signos distintivos. Asimismo, los Contenidos son propiedad intelectual de LA EMPRESA o de terceros, sin que puedan entenderse cedidos al usuario, en virtud de lo establecido en este Aviso Legal, ninguno de los derechos de explotaci\u00f3n que existen o puedan existir sobre dichos Contenidos m\u00e1s all\u00e1 de lo estrictamente necesario para el correcto uso de la web.<\/p>\n<p><strong>6.- RESPONSABILIDADES POR DA\u00d1OS Y PERJUICIOS<\/strong><\/p>\n<p>El usuario de la web o de cualquiera de las p\u00e1ginas Web de terceras empresas, incluidas en el website o con un acceso mediante un link desde el mismo, ser\u00e1 responsable de los Da\u00f1os y Perjuicios que LA EMPRESA pueda sufrir directa o indirectamente, como consecuencia del incumplimiento de cualquiera de las obligaciones derivadas establecidas en el presente Aviso Legal.<\/p>\n<p><strong>7- LIMITE DE RESPONSABILIDAD<\/strong><\/p>\n<p>7.1. Exclusi\u00f3n de garant\u00edas y de responsabilidad por el funcionamiento de la web.<\/p>\n<p>LA EMPRESA no garantiza la disponibilidad del funcionamiento de los servicios de la web.<br \/>\nCuando ello sea razonablemente posible, LA EMPRESA advertir\u00e1 previamente de las interrupciones en el funcionamiento de la web. LA EMPRESA tampoco garantiza la unidad de los Servicios para la realizaci\u00f3n de ninguna actividad en particular, ni su inhabilidad, y en particular, aunque no de modo exclusivo, que los usuarios puedan efectivamente utilizar los Servicios y acceder a las distintas p\u00e1ginas web desde las que se presten los Servicios.<\/p>\n<p>7.2. Privacidad y seguridad en la utilizaci\u00f3n de la web.<\/p>\n<p>LA EMPRESA no garantiza la privacidad y la seguridad de la utilizaci\u00f3n de la web, no puede garantizar la invulnerabilidad absoluta de sus sistemas de seguridad.<\/p>\n<p>7.3. Exclusi\u00f3n de garant\u00edas y de responsabilidad por los Contenidos.<\/p>\n<p>LA EMPRESA no controla ni garantiza la ausencia de virus ni de otros elementos en los Contenidos que puedan producir alteraciones en el sistema inform\u00e1tico del usuario (software y hardware) o en los documentos electr\u00f3nicos y ficheros almacenados en \u00e9ste.<\/p>\n<p>De igual forma, LA EMPRESA, elude toda responsabilidad en los supuestos de fallo en el rendimiento, error, omisi\u00f3n, interrupci\u00f3n, defecto de demora en la operaci\u00f3n de transmisi\u00f3n, fallo del sistema o l\u00ednea, as\u00ed como en el contenido, exactitud y opiniones expresadas y otras conexiones suministradas por estos medios.<\/p>\n<p>LA EMPRESA no garantiza la licitud, fiabilidad y utilidad de los Contenidos, ni tampoco garantiza la veracidad, exactitud, exhaustividad y actualidad de los Contenidos. Esta web puede establecer enlaces a otras p\u00e1ginas web que pertenecen a terceros sobre los que LA EMPRESA no tiene control alguno. En estos supuestos LA EMPRESA no asume responsabilidad alguna ni compromiso sobre la informaci\u00f3n contenida en estas p\u00e1ginas ni de los servicios o productos que en ellas se incluya u oferte.<\/p>\n<p>7.4. Deber de colaboraci\u00f3n con las Autoridades Competentes.<\/p>\n<p>En caso de que una autoridad judicial comunique a LA EMPRESA o \u00e9sta tenga conocimiento efectivo de la existencia de una informaci\u00f3n il\u00edcita contenida en la web o que lesione bienes o derechos de un tercero susceptible de indemnizaci\u00f3n, LA EMPRESA colaborar\u00e1 con los organismos competentes para la identificaci\u00f3n de las personas responsables de haber publicado la informaci\u00f3n il\u00edcita, y en todo caso, proceder\u00e1 a retirar tal informaci\u00f3n o hacer imposible el acceso a la misma.<\/p>\n<p>7.5. Exclusi\u00f3n de responsabilidad.<\/p>\n<p>LA EMPRESA EXCLUYE CUALQUIER RESPONSABILIDAD POR LOS DA\u00d1OS Y PERJUICIOS DE TODA NATURALEZA QUE PUEDAN DEBERSE DIRECTA O INDIRECTAMENTE A HECHOS NO GARANTIZADOS EN VIRTUD DE LAS ANTERIORES CL\u00c1USULAS 7.1, 7.2, 7.3. y 7.4.<\/p>\n<p><strong>8- POL\u00cdTICA DE PROTECCI\u00d3N DE DATOS<\/strong><\/p>\n<p>LA EMPRESA tiene establecida una pol\u00edtica de privacidad en lo que refiere a los datos de car\u00e1cter personal, que recoge, trata o custodia, claramente definida en la pol\u00edtica de privacidad.<\/p>\n<p><strong>9- DURACION<\/strong><\/p>\n<p>LA EMPRESA podr\u00e1 interrumpir el servicio de la web no obstante, est\u00e1 autorizada a dar por terminada o suspender la prestaci\u00f3n de los Servicios en cualquier momento. Cuando ello sea razonablemente posible, LA EMPRESA advertir\u00e1 previamente la terminaci\u00f3n o suspensi\u00f3n de la prestaci\u00f3n de los servicios de la web.<\/p>\n<p><strong>10- JURISDICCI\u00d3N<\/strong><\/p>\n<p>Las partes, con expresa renuncia de su propio fuero, aceptan como legislaci\u00f3n rectora del presente contrato, la espa\u00f1ola, y se someten para la resoluci\u00f3n de cuantos litigios pudieran derivarse del mismo a los Juzgados y Tribunales de MALAGA<\/p>\n<p><strong>11- LEGISLACI\u00d3N<\/strong><\/p>\n<p>Las presentes Condiciones Generales se rigen por las leyes espa\u00f1olas.<\/p>\n<p>Queda prohibida la reproducci\u00f3n, copia, distribuci\u00f3n, transformaci\u00f3n o modificaci\u00f3n de contenidos (textos, im\u00e1genes, voces o estructura) a menos que se cuente con la autorizaci\u00f3n expresa y por escrito del titular de los derechos adquiridos.<\/p>\n<\/div><\/section>\n<\/div><\/div><\/main><!-- close content main element --><\/div><\/div><div id='after_section_1'  class='main_color av_default_container_wrap container_wrap sidebar_right'  ><div class='container av-section-cont-open' ><div class='template-page content  av-content-small alpha units'><div class='post-entry post-entry-type-page post-entry-3955'><div class='entry-content-wrapper clearfix'>\n","protected":false},"excerpt":{"rendered":"","protected":false},"author":2,"featured_media":0,"parent":0,"menu_order":0,"comment_status":"closed","ping_status":"open","template":"","meta":{"footnotes":""},"yoast_head":"<!-- This site is optimized with the Yoast SEO plugin v22.8 - https:\/\/yoast.com\/wordpress\/plugins\/seo\/ -->\n<title>Legal Warning - Aquavelis Parque Acuatico en Torre del Mar, Malaga<\/title>\n<meta name=\"robots\" content=\"index, follow, max-snippet:-1, max-image-preview:large, max-video-preview:-1\" \/>\n<link rel=\"canonical\" href=\"https:\/\/www.aquavelis.es\/en\/legal-warning\/\" \/>\n<meta property=\"og:locale\" content=\"en_US\" \/>\n<meta property=\"og:type\" content=\"article\" \/>\n<meta property=\"og:title\" content=\"Legal Warning - Aquavelis Parque Acuatico en Torre del Mar, Malaga\" \/>\n<meta property=\"og:url\" content=\"https:\/\/www.aquavelis.es\/en\/legal-warning\/\" \/>\n<meta property=\"og:site_name\" content=\"Aquavelis Parque Acuatico en Torre del Mar, Malaga\" \/>\n<meta property=\"article:publisher\" content=\"https:\/\/www.facebook.com\/aquavelis\" \/>\n<meta property=\"article:modified_time\" content=\"2024-04-25T08:02:26+00:00\" \/>\n<meta name=\"twitter:label1\" content=\"Est. reading time\" \/>\n\t<meta name=\"twitter:data1\" content=\"9 minutes\" \/>\n<script type=\"application\/ld+json\" class=\"yoast-schema-graph\">{\"@context\":\"https:\/\/schema.org\",\"@graph\":[{\"@type\":\"WebPage\",\"@id\":\"https:\/\/www.aquavelis.es\/en\/legal-warning\/\",\"url\":\"https:\/\/www.aquavelis.es\/en\/legal-warning\/\",\"name\":\"Legal Warning - Aquavelis Parque Acuatico en Torre del Mar, Malaga\",\"isPartOf\":{\"@id\":\"https:\/\/www.aquavelis.es\/#website\"},\"datePublished\":\"2015-04-10T09:57:04+00:00\",\"dateModified\":\"2024-04-25T08:02:26+00:00\",\"breadcrumb\":{\"@id\":\"https:\/\/www.aquavelis.es\/en\/legal-warning\/#breadcrumb\"},\"inLanguage\":\"en-US\",\"potentialAction\":[{\"@type\":\"ReadAction\",\"target\":[\"https:\/\/www.aquavelis.es\/en\/legal-warning\/\"]}]},{\"@type\":\"BreadcrumbList\",\"@id\":\"https:\/\/www.aquavelis.es\/en\/legal-warning\/#breadcrumb\",\"itemListElement\":[{\"@type\":\"ListItem\",\"position\":1,\"name\":\"Portada\",\"item\":\"https:\/\/www.aquavelis.es\/en\/inicio25\/\"},{\"@type\":\"ListItem\",\"position\":2,\"name\":\"Legal Warning\"}]},{\"@type\":\"WebSite\",\"@id\":\"https:\/\/www.aquavelis.es\/#website\",\"url\":\"https:\/\/www.aquavelis.es\/\",\"name\":\"Aquavelis Parque Acuatico en Torre del Mar, Malaga\",\"description\":\"Tu Parque Acu\u00e1tico en Torre del Mar\",\"publisher\":{\"@id\":\"https:\/\/www.aquavelis.es\/#organization\"},\"potentialAction\":[{\"@type\":\"SearchAction\",\"target\":{\"@type\":\"EntryPoint\",\"urlTemplate\":\"https:\/\/www.aquavelis.es\/?s={search_term_string}\"},\"query-input\":\"required name=search_term_string\"}],\"inLanguage\":\"en-US\"},{\"@type\":\"Organization\",\"@id\":\"https:\/\/www.aquavelis.es\/#organization\",\"name\":\"Aquavelis Parque Acuatico en Torre del Mar, Malaga\",\"url\":\"https:\/\/www.aquavelis.es\/\",\"logo\":{\"@type\":\"ImageObject\",\"inLanguage\":\"en-US\",\"@id\":\"https:\/\/www.aquavelis.es\/#\/schema\/logo\/image\/\",\"url\":\"https:\/\/www.aquavelis.es\/wp-content\/uploads\/icono_aquavelis.png\",\"contentUrl\":\"https:\/\/www.aquavelis.es\/wp-content\/uploads\/icono_aquavelis.png\",\"width\":64,\"height\":64,\"caption\":\"Aquavelis Parque Acuatico en Torre del Mar, Malaga\"},\"image\":{\"@id\":\"https:\/\/www.aquavelis.es\/#\/schema\/logo\/image\/\"},\"sameAs\":[\"https:\/\/www.facebook.com\/aquavelis\",\"https:\/\/x.com\/aquavelis\",\"https:\/\/www.instagram.com\/aquavelistorredelmar\",\"https:\/\/www.tiktok.com\/@aquavelistorredelmar\"]}]}<\/script>\n<!-- \/ Yoast SEO plugin. -->","yoast_head_json":{"title":"Legal Warning - Aquavelis Parque Acuatico en Torre del Mar, Malaga","robots":{"index":"index","follow":"follow","max-snippet":"max-snippet:-1","max-image-preview":"max-image-preview:large","max-video-preview":"max-video-preview:-1"},"canonical":"https:\/\/www.aquavelis.es\/en\/legal-warning\/","og_locale":"en_US","og_type":"article","og_title":"Legal Warning - Aquavelis Parque Acuatico en Torre del Mar, Malaga","og_url":"https:\/\/www.aquavelis.es\/en\/legal-warning\/","og_site_name":"Aquavelis Parque Acuatico en Torre del Mar, Malaga","article_publisher":"https:\/\/www.facebook.com\/aquavelis","article_modified_time":"2024-04-25T08:02:26+00:00","twitter_misc":{"Est. reading time":"9 minutes"},"schema":{"@context":"https:\/\/schema.org","@graph":[{"@type":"WebPage","@id":"https:\/\/www.aquavelis.es\/en\/legal-warning\/","url":"https:\/\/www.aquavelis.es\/en\/legal-warning\/","name":"Legal Warning - Aquavelis Parque Acuatico en Torre del Mar, Malaga","isPartOf":{"@id":"https:\/\/www.aquavelis.es\/#website"},"datePublished":"2015-04-10T09:57:04+00:00","dateModified":"2024-04-25T08:02:26+00:00","breadcrumb":{"@id":"https:\/\/www.aquavelis.es\/en\/legal-warning\/#breadcrumb"},"inLanguage":"en-US","potentialAction":[{"@type":"ReadAction","target":["https:\/\/www.aquavelis.es\/en\/legal-warning\/"]}]},{"@type":"BreadcrumbList","@id":"https:\/\/www.aquavelis.es\/en\/legal-warning\/#breadcrumb","itemListElement":[{"@type":"ListItem","position":1,"name":"Portada","item":"https:\/\/www.aquavelis.es\/en\/inicio25\/"},{"@type":"ListItem","position":2,"name":"Legal Warning"}]},{"@type":"WebSite","@id":"https:\/\/www.aquavelis.es\/#website","url":"https:\/\/www.aquavelis.es\/","name":"Aquavelis Parque Acuatico en Torre del Mar, Malaga","description":"Tu Parque Acu\u00e1tico en Torre del Mar","publisher":{"@id":"https:\/\/www.aquavelis.es\/#organization"},"potentialAction":[{"@type":"SearchAction","target":{"@type":"EntryPoint","urlTemplate":"https:\/\/www.aquavelis.es\/?s={search_term_string}"},"query-input":"required name=search_term_string"}],"inLanguage":"en-US"},{"@type":"Organization","@id":"https:\/\/www.aquavelis.es\/#organization","name":"Aquavelis Parque Acuatico en Torre del Mar, Malaga","url":"https:\/\/www.aquavelis.es\/","logo":{"@type":"ImageObject","inLanguage":"en-US","@id":"https:\/\/www.aquavelis.es\/#\/schema\/logo\/image\/","url":"https:\/\/www.aquavelis.es\/wp-content\/uploads\/icono_aquavelis.png","contentUrl":"https:\/\/www.aquavelis.es\/wp-content\/uploads\/icono_aquavelis.png","width":64,"height":64,"caption":"Aquavelis Parque Acuatico en Torre del Mar, Malaga"},"image":{"@id":"https:\/\/www.aquavelis.es\/#\/schema\/logo\/image\/"},"sameAs":["https:\/\/www.facebook.com\/aquavelis","https:\/\/x.com\/aquavelis","https:\/\/www.instagram.com\/aquavelistorredelmar","https:\/\/www.tiktok.com\/@aquavelistorredelmar"]}]}},"_links":{"self":[{"href":"https:\/\/www.aquavelis.es\/en\/wp-json\/wp\/v2\/pages\/3955"}],"collection":[{"href":"https:\/\/www.aquavelis.es\/en\/wp-json\/wp\/v2\/pages"}],"about":[{"href":"https:\/\/www.aquavelis.es\/en\/wp-json\/wp\/v2\/types\/page"}],"author":[{"embeddable":true,"href":"https:\/\/www.aquavelis.es\/en\/wp-json\/wp\/v2\/users\/2"}],"replies":[{"embeddable":true,"href":"https:\/\/www.aquavelis.es\/en\/wp-json\/wp\/v2\/comments?post=3955"}],"version-history":[{"count":3,"href":"https:\/\/www.aquavelis.es\/en\/wp-json\/wp\/v2\/pages\/3955\/revisions"}],"predecessor-version":[{"id":12354,"href":"https:\/\/www.aquavelis.es\/en\/wp-json\/wp\/v2\/pages\/3955\/revisions\/12354"}],"wp:attachment":[{"href":"https:\/\/www.aquavelis.es\/en\/wp-json\/wp\/v2\/media?parent=3955"}],"curies":[{"name":"wp","href":"https:\/\/api.w.org\/{rel}","templated":true}]}}