{"id":7789,"date":"2017-06-04T12:52:11","date_gmt":"2017-06-04T10:52:11","guid":{"rendered":"https:\/\/www.aquavelis.es\/tickets-online\/purchase-terms-conditions\/"},"modified":"2025-08-14T18:18:09","modified_gmt":"2025-08-14T16:18:09","slug":"purchase-terms-conditions","status":"publish","type":"page","link":"https:\/\/www.aquavelis.es\/en\/purchase-terms-conditions\/","title":{"rendered":"Purchase Terms and Conditions"},"content":{"rendered":"\n<style type=\"text\/css\" data-created_by=\"avia_inline_auto\" id=\"style-css-av-av_section-2c288dccf174d263ed4bfac1eb38d36a\">\n.avia-section.av-av_section-2c288dccf174d263ed4bfac1eb38d36a{\nbackground-color:#ffffff;\nbackground-image:unset;\n}\n<\/style>\n<div id='av_section_1'  class='avia-section av-av_section-2c288dccf174d263ed4bfac1eb38d36a main_color avia-section-default avia-no-shadow  avia-builder-el-0  avia-builder-el-no-sibling  seccion-color avia-bg-style-scroll container_wrap sidebar_right'  ><div class='container av-section-cont-open' ><main  role=\"main\" itemprop=\"mainContentOfPage\"  class='template-page content  av-content-small alpha units'><div class='post-entry post-entry-type-page post-entry-7789'><div class='entry-content-wrapper clearfix'>\n<section  class='av_textblock_section av-jhhlmano-74f8bac6225defb14b24b7e036999615 '   itemscope=\"itemscope\" itemtype=\"https:\/\/schema.org\/CreativeWork\" ><div class='avia_textblock'  itemprop=\"text\" ><h2><strong>Condiciones generales de Contrataci\u00f3n<\/strong><\/h2>\n<p>Las presentes condiciones generales de contrataci\u00f3n, as\u00ed como las condiciones particulares que en su caso pudieran establecerse, regular\u00e1n las relaciones surgidas entre Parque Acu\u00e1tico Torre del Mar S.L. (en adelante Aquavelis) y los Usuarios que contraten la prestaci\u00f3n de los servicios o productos ofrecidos a trav\u00e9s de la web de Aquavelis (en adelante la Web).<\/p>\n<p>Los usuarios de la plataforma de venta online a la que accede desde el sitio web de Aquavelis est\u00e1n familiarizados con los medios de comunicaci\u00f3n electr\u00f3nicos y conocen los riesgos de seguridad de datos ligados a su utilizaci\u00f3n. Los usuarios se comprometen a utilizar estos medios electr\u00f3nicos \u00fanicamente de una manera jur\u00eddicamente aceptable.<\/p>\n<p>El usuario declara ser mayor de edad y disponer de la capacidad legal necesaria para contratar a trav\u00e9s del Sitio Web y, en consecuencia, para vincularse con las presentes condiciones.<\/p>\n<p>Aquavelis podr\u00e1 no admitir a menores de 12 a\u00f1os que no vayan acompa\u00f1ados de personas mayores que se hagan responsables de su custodia y comportamiento.<\/p>\n<p>La compra y uso de cualquier art\u00edculo de venta por Internet conlleva la aceptaci\u00f3n de las condiciones generales y particulares de contrataci\u00f3n as\u00ed como la aceptaci\u00f3n de las normas de funcionamiento del Parque. El comprador es consciente de que en el caso de que estas normas no sean respetadas, se le denegar\u00e1 el acceso al centro sin indemnizaci\u00f3n alguna.<\/p>\n<p>En el caso de la adquisici\u00f3n de entradas, una vez finalizado el proceso de compra, el Usuario recibir\u00e1 a trav\u00e9s del correo electr\u00f3nico un ticket de compra (el \u201c<strong>Ticket<\/strong>\u201d) con un c\u00f3digo de control \u00fanico que ser\u00e1 la entrada al recinto del Parque. Dicho Ticket no podr\u00e1 ser fotocopiado, manipulado o deteriorado pues quedar\u00eda anulado inmediatamente. En el caso de la adquisici\u00f3n de otros productos y\/o servicios ofrecidos a trav\u00e9s de la web de Aquavelis, el Usuario recibir\u00e1 a trav\u00e9s del correo electr\u00f3nico el Ticket de compra.<\/p>\n<p>Una vez finalizado el proceso de compra puesto a disposici\u00f3n a trav\u00e9s de la Web y obtenido el correspondiente Ticket, <strong>no se admitir\u00e1n cambios o devoluciones<\/strong>.<\/p>\n<h3><\/h3>\n<h3><strong>Limitaciones de responsabilidad<\/strong><\/h3>\n<p>Aquavelis se eximen de toda responsabilidad derivada de los da\u00f1os y\/o perjuicios personales o materiales ocasionados por la imprudencia o el incumplimiento de las normas de comportamiento y uso de instalaciones del Centro. Aquavelis no garantiza la exactitud de las informaciones presentadas sobre su Web, tanto en su veracidad como en su completitud se refiere.<\/p>\n<p>Aquavelis no es responsable de los da\u00f1os resultantes de errores de telecomunicaci\u00f3n, de problemas t\u00e9cnicos, de fallos de los sistemas o de manipulaciones ilegales de los sistemas inform\u00e1ticos implicados, independientemente del lugar y de la forma de la alteraci\u00f3n. Asimismo, toda responsabilidad ligada a da\u00f1os causados por un funcionamiento incorrecto, interrupciones (mantenimiento incluido) o una sobrecarga del sistema, queda excluida. La responsabilidad correspondiente a los da\u00f1os causados por la interconexi\u00f3n con otros sitios web est\u00e1 tambi\u00e9n excluida. Aquavelis recuerda que un funcionamiento incorrecto puede resultar de la interacci\u00f3n con otros sitios desconocidos por Aquavelis y no asumir\u00e1 ninguna responsabilidad ligada al contenido, los productos, los servicios y otras prestaciones proporcionadas por esos sitios.<\/p>\n<p>Las informaciones ofrecidas sobre el sitio Web deben dar lugar \u00fanicamente a una utilizaci\u00f3n privada y est\u00e1n destinadas a informar a una persona susceptible de visitar el centro. Los usuarios est\u00e1n advertidos de que las informaciones pueden ser modificadas en todo momento sin previo aviso.<\/p>\n<h3><\/h3>\n<h4>Vea los <strong>T\u00e9rminos y Condiciones de Uso de VRFun<\/strong> <a class=\"vr-link\" href=\"https:\/\/www.aquavelis.es\/vr-arcade\/terminos-condiciones-uso-vrfun\/\" target=\"_blank\" rel=\"noopener noreferrer\">aqu\u00ed<\/a>.<\/h4>\n<h3><\/h3>\n<h3><strong>Modificaci\u00f3n de las Condiciones Generales de Contrataci\u00f3n<\/strong><\/h3>\n<p>Aquavelis se reserva el derecho de modificar en cualquier momento y sin previo aviso las presentes Condiciones Generales de Contrataci\u00f3n o en su caso, las Condiciones Particulares de Contrataci\u00f3n. Dichas modificaciones estar\u00e1n publicadas en el Sitio Web de Aquavelis con el fin de que puedan ser conocidas por los usuarios antes de contratar productos o servicios online.<\/p>\n<h3><strong>Pol\u00edtica de Privacidad<\/strong><\/h3>\n<p>Aquavelis se compromete a no ceder a terceros datos correspondientes a personas que compran entradas electr\u00f3nicamente. Todo dato personal ser\u00e1 tratado de forma confidencial. \u00danicamente los datos necesarios para la ejecuci\u00f3n del proceso comercial ser\u00e1n almacenados y podr\u00e1n ser usados para comunicaciones de marketing si se ha autorizado con anterioridad.<\/p>\n<h2><strong>Condiciones Particulares de Contrataci\u00f3n<\/strong><\/h2>\n<h3><strong>Condiciones Particulares para la Compra de Entradas<\/strong><\/h3>\n<p>&#8211; No es necesario que el Usuario imprima el Ticket para poder acceder al Parque. Debe traer impreso el Ticket o mostrarlo con el m\u00f3vil directamente por los tornos de entrada al Parque, correspondiendo el n\u00famero de entradas adquiridas con las utilizadas.<\/p>\n<p>&#8211; Si ha comprado entradas de VR Arcade\u00a0debe reservar su puesto en el stand de VRFun al entrar al Parque.<\/p>\n<p>&#8211; Las entradas de VR Arcade se deben usar el mismo d\u00eda que accede a Aquavelis.<\/p>\n<p>&#8211; El Ticket es v\u00e1lido para utilizar el d\u00eda seleccionado de la <strong>vigente temporada<\/strong>, sujeto al calendario de apertura y cierre del Parque, y dejando de tener vigencia transcurrida la temporada.\u00a0Consulte los horarios y el calendario de apertura y cierre del Parque en www.aquavelis.es o en el 952 54 27 58.<\/p>\n<p>&#8211; Las entradas pueden adquirirse \u00fanicamente mediante la utilizaci\u00f3n del sitio web oficial.<\/p>\n<p>&#8211; No son acumulables a otras promociones o descuentos.<\/p>\n<p>&#8211; <strong>No se admiten cambios ni devoluciones<\/strong>.<\/p>\n<p>&#8211; Los Tickets son personales e intransferibles. Cada Ticket est\u00e1 reservado a la utilizaci\u00f3n por la persona cuyo nombre y apellidos figuran sobre la misma. En el acceso al Parque podr\u00e1 ser exigido un documento (DNI, NIE o pasaporte) que permita la identificaci\u00f3n del portador.<\/p>\n<p>&#8211; Queda prohibido cortar, manipular, deteriorar ni fotocopiar el Ticket. Si se diera alguna de estas circunstancias, le podremos impedir el acceso al Parque.<\/p>\n<p>&#8211; En caso de que no se pudiera hacer uso de las entradas adquiridas por una causa cuyo origen es responsabilidad exclusiva de cliente (calidad deficiente de la impresi\u00f3n o deterioro de las entradas, por ejemplo) no existir\u00e1 derecho de reembolso del importe de las mismas.<\/p>\n<p>&#8211; Cada Ticket tiene un c\u00f3digo de control \u00fanico, que permite UN S\u00d3LO ACCESO al Parque. Una vez validado no podr\u00e1 ser utilizado con posterioridad.<\/p>\n<p>&#8211; Est\u00e1 prohibida la venta de la entrada a terceros.<\/p>\n<p>&#8211; Nos reservamos el derecho a cerrar el Parque, sin previo aviso, por motivos meteorol\u00f3gicos adversos, de seguridad y salud p\u00fablica.<\/p>\n<p>&#8211; Si Aquavelis\u00a0se viese obligado a cerrar despu\u00e9s de haber accedido al mismo, total o parcialmente, por cambios climatol\u00f3gicos o t\u00e9cnicos, se aplicar\u00edan las normas del Parque para tales circunstancias.<\/p>\n<p>&#8211; En el caso de no poder acceder por razones climatol\u00f3gicas o ajenas al centro, el comprador debe preguntar por el responsable del centro en ese momento, de no hacerlo as\u00ed, perder\u00e1 cualquier derecho que pudiera asistirle.<\/p>\n<p><strong>Aquavelis podr\u00e1 en todo momento y sin previo aviso, modificar las presentes Condiciones Particulares de Contrataci\u00f3n. Dichas modificaciones estar\u00e1n publicadas en el Sitio Web de Aquavelis con el fin de que puedan ser conocidas por los usuarios antes de la adquisici\u00f3n on-line de las entradas.<\/strong><\/p>\n<h3><strong>Ley Aplicable y Jurisdicci\u00f3n<\/strong><\/h3>\n<p>Para la resoluci\u00f3n de todas las controversias o cuestiones relacionadas con el presente sitio web o de las actividades en \u00e9l desarrolladas, ser\u00e1 de aplicaci\u00f3n la legislaci\u00f3n espa\u00f1ola, a la que se someten expresamente las partes, siendo competentes para la resoluci\u00f3n de todos los conflictos derivados o relacionados con su uso los Juzgados y Tribunales de M\u00e1laga.<\/p>\n<\/div><\/section>\n<\/div><\/div><\/main><!-- close content main element --><\/div><\/div><div id='after_section_1'  class='main_color av_default_container_wrap container_wrap sidebar_right'  ><div class='container av-section-cont-open' ><div class='template-page content  av-content-small alpha units'><div class='post-entry post-entry-type-page post-entry-7789'><div class='entry-content-wrapper clearfix'>\n","protected":false},"excerpt":{"rendered":"","protected":false},"author":2,"featured_media":0,"parent":0,"menu_order":0,"comment_status":"closed","ping_status":"closed","template":"","meta":{"footnotes":""},"yoast_head":"<!-- This site is optimized with the Yoast SEO plugin v22.8 - https:\/\/yoast.com\/wordpress\/plugins\/seo\/ -->\n<title>Purchase Terms and Conditions - Aquavelis Parque Acuatico en Torre del Mar, Malaga<\/title>\n<meta name=\"robots\" content=\"index, follow, max-snippet:-1, max-image-preview:large, max-video-preview:-1\" \/>\n<link rel=\"canonical\" href=\"https:\/\/www.aquavelis.es\/en\/purchase-terms-conditions\/\" \/>\n<meta property=\"og:locale\" content=\"en_US\" \/>\n<meta property=\"og:type\" content=\"article\" \/>\n<meta property=\"og:title\" content=\"Purchase Terms and Conditions - Aquavelis Parque Acuatico en Torre del Mar, Malaga\" \/>\n<meta property=\"og:url\" content=\"https:\/\/www.aquavelis.es\/en\/purchase-terms-conditions\/\" \/>\n<meta property=\"og:site_name\" content=\"Aquavelis Parque Acuatico en Torre del Mar, Malaga\" \/>\n<meta property=\"article:publisher\" content=\"https:\/\/www.facebook.com\/aquavelis\" \/>\n<meta property=\"article:modified_time\" content=\"2025-08-14T16:18:09+00:00\" \/>\n<meta name=\"twitter:label1\" content=\"Est. reading time\" \/>\n\t<meta name=\"twitter:data1\" content=\"6 minutes\" \/>\n<script type=\"application\/ld+json\" class=\"yoast-schema-graph\">{\"@context\":\"https:\/\/schema.org\",\"@graph\":[{\"@type\":\"WebPage\",\"@id\":\"https:\/\/www.aquavelis.es\/en\/purchase-terms-conditions\/\",\"url\":\"https:\/\/www.aquavelis.es\/en\/purchase-terms-conditions\/\",\"name\":\"Purchase Terms and Conditions - Aquavelis Parque Acuatico en Torre del Mar, Malaga\",\"isPartOf\":{\"@id\":\"https:\/\/www.aquavelis.es\/#website\"},\"datePublished\":\"2017-06-04T10:52:11+00:00\",\"dateModified\":\"2025-08-14T16:18:09+00:00\",\"breadcrumb\":{\"@id\":\"https:\/\/www.aquavelis.es\/en\/purchase-terms-conditions\/#breadcrumb\"},\"inLanguage\":\"en-US\",\"potentialAction\":[{\"@type\":\"ReadAction\",\"target\":[\"https:\/\/www.aquavelis.es\/en\/purchase-terms-conditions\/\"]}]},{\"@type\":\"BreadcrumbList\",\"@id\":\"https:\/\/www.aquavelis.es\/en\/purchase-terms-conditions\/#breadcrumb\",\"itemListElement\":[{\"@type\":\"ListItem\",\"position\":1,\"name\":\"Portada\",\"item\":\"https:\/\/www.aquavelis.es\/en\/inicio25\/\"},{\"@type\":\"ListItem\",\"position\":2,\"name\":\"Purchase Terms and Conditions\"}]},{\"@type\":\"WebSite\",\"@id\":\"https:\/\/www.aquavelis.es\/#website\",\"url\":\"https:\/\/www.aquavelis.es\/\",\"name\":\"Aquavelis Parque Acuatico en Torre del Mar, Malaga\",\"description\":\"Tu Parque Acu\u00e1tico en Torre del Mar\",\"publisher\":{\"@id\":\"https:\/\/www.aquavelis.es\/#organization\"},\"potentialAction\":[{\"@type\":\"SearchAction\",\"target\":{\"@type\":\"EntryPoint\",\"urlTemplate\":\"https:\/\/www.aquavelis.es\/?s={search_term_string}\"},\"query-input\":\"required name=search_term_string\"}],\"inLanguage\":\"en-US\"},{\"@type\":\"Organization\",\"@id\":\"https:\/\/www.aquavelis.es\/#organization\",\"name\":\"Aquavelis Parque Acuatico en Torre del Mar, Malaga\",\"url\":\"https:\/\/www.aquavelis.es\/\",\"logo\":{\"@type\":\"ImageObject\",\"inLanguage\":\"en-US\",\"@id\":\"https:\/\/www.aquavelis.es\/#\/schema\/logo\/image\/\",\"url\":\"https:\/\/www.aquavelis.es\/wp-content\/uploads\/icono_aquavelis.png\",\"contentUrl\":\"https:\/\/www.aquavelis.es\/wp-content\/uploads\/icono_aquavelis.png\",\"width\":64,\"height\":64,\"caption\":\"Aquavelis Parque Acuatico en Torre del Mar, Malaga\"},\"image\":{\"@id\":\"https:\/\/www.aquavelis.es\/#\/schema\/logo\/image\/\"},\"sameAs\":[\"https:\/\/www.facebook.com\/aquavelis\",\"https:\/\/x.com\/aquavelis\",\"https:\/\/www.instagram.com\/aquavelistorredelmar\",\"https:\/\/www.tiktok.com\/@aquavelistorredelmar\"]}]}<\/script>\n<!-- \/ Yoast SEO plugin. -->","yoast_head_json":{"title":"Purchase Terms and Conditions - Aquavelis Parque Acuatico en Torre del Mar, Malaga","robots":{"index":"index","follow":"follow","max-snippet":"max-snippet:-1","max-image-preview":"max-image-preview:large","max-video-preview":"max-video-preview:-1"},"canonical":"https:\/\/www.aquavelis.es\/en\/purchase-terms-conditions\/","og_locale":"en_US","og_type":"article","og_title":"Purchase Terms and Conditions - Aquavelis Parque Acuatico en Torre del Mar, Malaga","og_url":"https:\/\/www.aquavelis.es\/en\/purchase-terms-conditions\/","og_site_name":"Aquavelis Parque Acuatico en Torre del Mar, Malaga","article_publisher":"https:\/\/www.facebook.com\/aquavelis","article_modified_time":"2025-08-14T16:18:09+00:00","twitter_misc":{"Est. reading time":"6 minutes"},"schema":{"@context":"https:\/\/schema.org","@graph":[{"@type":"WebPage","@id":"https:\/\/www.aquavelis.es\/en\/purchase-terms-conditions\/","url":"https:\/\/www.aquavelis.es\/en\/purchase-terms-conditions\/","name":"Purchase Terms and Conditions - Aquavelis Parque Acuatico en Torre del Mar, Malaga","isPartOf":{"@id":"https:\/\/www.aquavelis.es\/#website"},"datePublished":"2017-06-04T10:52:11+00:00","dateModified":"2025-08-14T16:18:09+00:00","breadcrumb":{"@id":"https:\/\/www.aquavelis.es\/en\/purchase-terms-conditions\/#breadcrumb"},"inLanguage":"en-US","potentialAction":[{"@type":"ReadAction","target":["https:\/\/www.aquavelis.es\/en\/purchase-terms-conditions\/"]}]},{"@type":"BreadcrumbList","@id":"https:\/\/www.aquavelis.es\/en\/purchase-terms-conditions\/#breadcrumb","itemListElement":[{"@type":"ListItem","position":1,"name":"Portada","item":"https:\/\/www.aquavelis.es\/en\/inicio25\/"},{"@type":"ListItem","position":2,"name":"Purchase Terms and Conditions"}]},{"@type":"WebSite","@id":"https:\/\/www.aquavelis.es\/#website","url":"https:\/\/www.aquavelis.es\/","name":"Aquavelis Parque Acuatico en Torre del Mar, Malaga","description":"Tu Parque Acu\u00e1tico en Torre del Mar","publisher":{"@id":"https:\/\/www.aquavelis.es\/#organization"},"potentialAction":[{"@type":"SearchAction","target":{"@type":"EntryPoint","urlTemplate":"https:\/\/www.aquavelis.es\/?s={search_term_string}"},"query-input":"required name=search_term_string"}],"inLanguage":"en-US"},{"@type":"Organization","@id":"https:\/\/www.aquavelis.es\/#organization","name":"Aquavelis Parque Acuatico en Torre del Mar, Malaga","url":"https:\/\/www.aquavelis.es\/","logo":{"@type":"ImageObject","inLanguage":"en-US","@id":"https:\/\/www.aquavelis.es\/#\/schema\/logo\/image\/","url":"https:\/\/www.aquavelis.es\/wp-content\/uploads\/icono_aquavelis.png","contentUrl":"https:\/\/www.aquavelis.es\/wp-content\/uploads\/icono_aquavelis.png","width":64,"height":64,"caption":"Aquavelis Parque Acuatico en Torre del Mar, Malaga"},"image":{"@id":"https:\/\/www.aquavelis.es\/#\/schema\/logo\/image\/"},"sameAs":["https:\/\/www.facebook.com\/aquavelis","https:\/\/x.com\/aquavelis","https:\/\/www.instagram.com\/aquavelistorredelmar","https:\/\/www.tiktok.com\/@aquavelistorredelmar"]}]}},"_links":{"self":[{"href":"https:\/\/www.aquavelis.es\/en\/wp-json\/wp\/v2\/pages\/7789"}],"collection":[{"href":"https:\/\/www.aquavelis.es\/en\/wp-json\/wp\/v2\/pages"}],"about":[{"href":"https:\/\/www.aquavelis.es\/en\/wp-json\/wp\/v2\/types\/page"}],"author":[{"embeddable":true,"href":"https:\/\/www.aquavelis.es\/en\/wp-json\/wp\/v2\/users\/2"}],"replies":[{"embeddable":true,"href":"https:\/\/www.aquavelis.es\/en\/wp-json\/wp\/v2\/comments?post=7789"}],"version-history":[{"count":3,"href":"https:\/\/www.aquavelis.es\/en\/wp-json\/wp\/v2\/pages\/7789\/revisions"}],"predecessor-version":[{"id":14061,"href":"https:\/\/www.aquavelis.es\/en\/wp-json\/wp\/v2\/pages\/7789\/revisions\/14061"}],"wp:attachment":[{"href":"https:\/\/www.aquavelis.es\/en\/wp-json\/wp\/v2\/media?parent=7789"}],"curies":[{"name":"wp","href":"https:\/\/api.w.org\/{rel}","templated":true}]}}